{"id":9,"date":"2024-09-26T16:40:03","date_gmt":"2024-09-26T16:40:03","guid":{"rendered":"https:\/\/ekroos.net\/?page_id=9"},"modified":"2024-09-27T15:23:22","modified_gmt":"2024-09-27T15:23:22","slug":"psykologi-tuike-ekroos","status":"publish","type":"page","link":"https:\/\/ekroos.net\/?page_id=9","title":{"rendered":"Psykologi Tuike Ekroos"},"content":{"rendered":"\n<p>Olen tamperelainen psykologian maisteri ja Valviran laillistama psykologi. Minut l\u00f6yt\u00e4\u00e4 terveydenhuollon ammattihenkil\u00f6iden keskusrekisterist\u00e4 JulkiTerhikist\u00e4. Yritykseni Psykologipalvelu Tuike Ekroos Oy on Valviran soteri-rekisteriss\u00e4 eli saan virallisesti tarjota terveydenhoidon palveluita psykologina oman yritykseni kautta.&nbsp; T\u00e4m\u00e4 kaikki tarkoittaa sit\u00e4, ett\u00e4 olet ammattitaitoisissa ja luotettavissa k\u00e4siss\u00e4.<\/p>\n\n\n\n<p>Ty\u00f6skentelen oman persoonani kautta. Itse pid\u00e4n itse\u00e4ni loppumattoman uteliaana ja oppimishaluisena.&nbsp; Opiskelen koko ajan lis\u00e4\u00e4 ja hy\u00f6dynn\u00e4n ty\u00f6ss\u00e4ni monenlaista tutkimustietoa ja tutkimusn\u00e4ytt\u00f6ihin perustuvia menetelmi\u00e4. Ty\u00f6skentely\u00e4ni v\u00e4ritt\u00e4\u00e4 aktiivisuus, analyyttisyys ja herkk\u00e4vaistoisuus. Ja sopivissa kohdin my\u00f6s huumori.&nbsp;<\/p>\n\n\n\n<p>Ty\u00f6skentelen ty\u00f6terveyspsykologina Kokkolassa Ty\u00f6plussalla. Ty\u00f6h\u00f6ni siell\u00e4 kuuluvat yksil\u00f6vastaanottok\u00e4ynnit, psykologiset tutkimukset sek\u00e4 ty\u00f6yhteis\u00f6ty\u00f6. T\u00e4m\u00e4n lis\u00e4ksi tarjoan yritykseni kautta et\u00e4vastaanottoaikoja yksityishenkil\u00f6ille. Lis\u00e4ksi teen ty\u00f6nohjauksia, ty\u00f6hyvinvointiluentoja, koulutuksia ja kriisinpurkuja ryhmille eritoten Pirkanmaalla ja et\u00e4palveluina.<\/p>\n","protected":false},"excerpt":{"rendered":"<p>Olen tamperelainen psykologian maisteri ja Valviran laillistama psykologi. Minut l\u00f6yt\u00e4\u00e4 terveydenhuollon ammattihenkil\u00f6iden keskusrekisterist\u00e4 JulkiTerhikist\u00e4. Yritykseni Psykologipalvelu Tuike Ekroos Oy on Valviran soteri-rekisteriss\u00e4 eli saan virallisesti tarjota terveydenhoidon palveluita psykologina oman yritykseni kautta.&nbsp; T\u00e4m\u00e4 kaikki tarkoittaa sit\u00e4, ett\u00e4 olet ammattitaitoisissa ja luotettavissa k\u00e4siss\u00e4. Ty\u00f6skentelen oman persoonani kautta. Itse pid\u00e4n itse\u00e4ni loppumattoman uteliaana ja oppimishaluisena.&nbsp; Opiskelen koko &hellip; <\/p>\n","protected":false},"author":1,"featured_media":0,"parent":0,"menu_order":0,"comment_status":"closed","ping_status":"closed","template":"","meta":{"footnotes":""},"class_list":["post-9","page","type-page","status-publish","hentry"],"aioseo_notices":[],"yoast_head":"<!-- This site is optimized with the Yoast SEO plugin v27.4 - https:\/\/yoast.com\/product\/yoast-seo-wordpress\/ -->\n<title>Psykologi Tuike Ekroos - Psykologipalvelu Tuike Ekroos oy<\/title>\n<meta name=\"robots\" content=\"index, follow, max-snippet:-1, max-image-preview:large, max-video-preview:-1\" \/>\n<link rel=\"canonical\" href=\"https:\/\/ekroos.net\/?page_id=9\" \/>\n<meta property=\"og:locale\" content=\"fi_FI\" \/>\n<meta property=\"og:type\" content=\"article\" \/>\n<meta property=\"og:title\" content=\"Psykologi Tuike Ekroos - Psykologipalvelu Tuike Ekroos oy\" \/>\n<meta property=\"og:description\" content=\"Olen tamperelainen psykologian maisteri ja Valviran laillistama psykologi. Minut l\u00f6yt\u00e4\u00e4 terveydenhuollon ammattihenkil\u00f6iden keskusrekisterist\u00e4 JulkiTerhikist\u00e4. Yritykseni Psykologipalvelu Tuike Ekroos Oy on Valviran soteri-rekisteriss\u00e4 eli saan virallisesti tarjota terveydenhoidon palveluita psykologina oman yritykseni kautta.&nbsp; T\u00e4m\u00e4 kaikki tarkoittaa sit\u00e4, ett\u00e4 olet ammattitaitoisissa ja luotettavissa k\u00e4siss\u00e4. Ty\u00f6skentelen oman persoonani kautta. Itse pid\u00e4n itse\u00e4ni loppumattoman uteliaana ja oppimishaluisena.&nbsp; Opiskelen koko &hellip;\" \/>\n<meta property=\"og:url\" content=\"https:\/\/ekroos.net\/?page_id=9\" \/>\n<meta property=\"og:site_name\" content=\"Psykologipalvelu Tuike Ekroos oy\" \/>\n<meta property=\"article:modified_time\" content=\"2024-09-27T15:23:22+00:00\" \/>\n<meta name=\"twitter:card\" content=\"summary_large_image\" \/>\n<meta name=\"twitter:label1\" content=\"Arvioitu lukuaika\" \/>\n\t<meta name=\"twitter:data1\" content=\"1 minuutti\" \/>\n<script type=\"application\/ld+json\" class=\"yoast-schema-graph\">{\"@context\":\"https:\\\/\\\/schema.org\",\"@graph\":[{\"@type\":\"WebPage\",\"@id\":\"https:\\\/\\\/ekroos.net\\\/?page_id=9\",\"url\":\"https:\\\/\\\/ekroos.net\\\/?page_id=9\",\"name\":\"Psykologi Tuike Ekroos - Psykologipalvelu Tuike Ekroos oy\",\"isPartOf\":{\"@id\":\"https:\\\/\\\/ekroos.net\\\/#website\"},\"datePublished\":\"2024-09-26T16:40:03+00:00\",\"dateModified\":\"2024-09-27T15:23:22+00:00\",\"breadcrumb\":{\"@id\":\"https:\\\/\\\/ekroos.net\\\/?page_id=9#breadcrumb\"},\"inLanguage\":\"fi\",\"potentialAction\":[{\"@type\":\"ReadAction\",\"target\":[\"https:\\\/\\\/ekroos.net\\\/?page_id=9\"]}]},{\"@type\":\"BreadcrumbList\",\"@id\":\"https:\\\/\\\/ekroos.net\\\/?page_id=9#breadcrumb\",\"itemListElement\":[{\"@type\":\"ListItem\",\"position\":1,\"name\":\"Etusivu\",\"item\":\"https:\\\/\\\/ekroos.net\\\/\"},{\"@type\":\"ListItem\",\"position\":2,\"name\":\"Psykologi Tuike Ekroos\"}]},{\"@type\":\"WebSite\",\"@id\":\"https:\\\/\\\/ekroos.net\\\/#website\",\"url\":\"https:\\\/\\\/ekroos.net\\\/\",\"name\":\"Psykologipalvelu Tuike Ekroos oy\",\"description\":\"Psykologi Tampere\",\"potentialAction\":[{\"@type\":\"SearchAction\",\"target\":{\"@type\":\"EntryPoint\",\"urlTemplate\":\"https:\\\/\\\/ekroos.net\\\/?s={search_term_string}\"},\"query-input\":{\"@type\":\"PropertyValueSpecification\",\"valueRequired\":true,\"valueName\":\"search_term_string\"}}],\"inLanguage\":\"fi\"}]}<\/script>\n<!-- \/ Yoast SEO plugin. -->","yoast_head_json":{"title":"Psykologi Tuike Ekroos - Psykologipalvelu Tuike Ekroos oy","robots":{"index":"index","follow":"follow","max-snippet":"max-snippet:-1","max-image-preview":"max-image-preview:large","max-video-preview":"max-video-preview:-1"},"canonical":"https:\/\/ekroos.net\/?page_id=9","og_locale":"fi_FI","og_type":"article","og_title":"Psykologi Tuike Ekroos - Psykologipalvelu Tuike Ekroos oy","og_description":"Olen tamperelainen psykologian maisteri ja Valviran laillistama psykologi. Minut l\u00f6yt\u00e4\u00e4 terveydenhuollon ammattihenkil\u00f6iden keskusrekisterist\u00e4 JulkiTerhikist\u00e4. Yritykseni Psykologipalvelu Tuike Ekroos Oy on Valviran soteri-rekisteriss\u00e4 eli saan virallisesti tarjota terveydenhoidon palveluita psykologina oman yritykseni kautta.&nbsp; T\u00e4m\u00e4 kaikki tarkoittaa sit\u00e4, ett\u00e4 olet ammattitaitoisissa ja luotettavissa k\u00e4siss\u00e4. Ty\u00f6skentelen oman persoonani kautta. Itse pid\u00e4n itse\u00e4ni loppumattoman uteliaana ja oppimishaluisena.&nbsp; Opiskelen koko &hellip;","og_url":"https:\/\/ekroos.net\/?page_id=9","og_site_name":"Psykologipalvelu Tuike Ekroos oy","article_modified_time":"2024-09-27T15:23:22+00:00","twitter_card":"summary_large_image","twitter_misc":{"Arvioitu lukuaika":"1 minuutti"},"schema":{"@context":"https:\/\/schema.org","@graph":[{"@type":"WebPage","@id":"https:\/\/ekroos.net\/?page_id=9","url":"https:\/\/ekroos.net\/?page_id=9","name":"Psykologi Tuike Ekroos - Psykologipalvelu Tuike Ekroos oy","isPartOf":{"@id":"https:\/\/ekroos.net\/#website"},"datePublished":"2024-09-26T16:40:03+00:00","dateModified":"2024-09-27T15:23:22+00:00","breadcrumb":{"@id":"https:\/\/ekroos.net\/?page_id=9#breadcrumb"},"inLanguage":"fi","potentialAction":[{"@type":"ReadAction","target":["https:\/\/ekroos.net\/?page_id=9"]}]},{"@type":"BreadcrumbList","@id":"https:\/\/ekroos.net\/?page_id=9#breadcrumb","itemListElement":[{"@type":"ListItem","position":1,"name":"Etusivu","item":"https:\/\/ekroos.net\/"},{"@type":"ListItem","position":2,"name":"Psykologi Tuike Ekroos"}]},{"@type":"WebSite","@id":"https:\/\/ekroos.net\/#website","url":"https:\/\/ekroos.net\/","name":"Psykologipalvelu Tuike Ekroos oy","description":"Psykologi Tampere","potentialAction":[{"@type":"SearchAction","target":{"@type":"EntryPoint","urlTemplate":"https:\/\/ekroos.net\/?s={search_term_string}"},"query-input":{"@type":"PropertyValueSpecification","valueRequired":true,"valueName":"search_term_string"}}],"inLanguage":"fi"}]}},"_links":{"self":[{"href":"https:\/\/ekroos.net\/index.php?rest_route=\/wp\/v2\/pages\/9","targetHints":{"allow":["GET"]}}],"collection":[{"href":"https:\/\/ekroos.net\/index.php?rest_route=\/wp\/v2\/pages"}],"about":[{"href":"https:\/\/ekroos.net\/index.php?rest_route=\/wp\/v2\/types\/page"}],"author":[{"embeddable":true,"href":"https:\/\/ekroos.net\/index.php?rest_route=\/wp\/v2\/users\/1"}],"replies":[{"embeddable":true,"href":"https:\/\/ekroos.net\/index.php?rest_route=%2Fwp%2Fv2%2Fcomments&post=9"}],"version-history":[{"count":4,"href":"https:\/\/ekroos.net\/index.php?rest_route=\/wp\/v2\/pages\/9\/revisions"}],"predecessor-version":[{"id":36,"href":"https:\/\/ekroos.net\/index.php?rest_route=\/wp\/v2\/pages\/9\/revisions\/36"}],"wp:attachment":[{"href":"https:\/\/ekroos.net\/index.php?rest_route=%2Fwp%2Fv2%2Fmedia&parent=9"}],"curies":[{"name":"wp","href":"https:\/\/api.w.org\/{rel}","templated":true}]}}