{"id":63,"date":"2024-09-28T07:34:49","date_gmt":"2024-09-28T07:34:49","guid":{"rendered":"https:\/\/ekroos.net\/?page_id=63"},"modified":"2024-09-28T07:34:50","modified_gmt":"2024-09-28T07:34:50","slug":"ota-yhteytta","status":"publish","type":"page","link":"https:\/\/ekroos.net\/?page_id=63","title":{"rendered":"Ota yhteytt\u00e4"},"content":{"rendered":"\n<div class=\"wpcf7 no-js\" id=\"wpcf7-f62-o1\" lang=\"fi\" dir=\"ltr\" data-wpcf7-id=\"62\">\n<div class=\"screen-reader-response\"><p role=\"status\" aria-live=\"polite\" aria-atomic=\"true\"><\/p> <ul><\/ul><\/div>\n<form action=\"\/index.php?rest_route=%2Fwp%2Fv2%2Fpages%2F63#wpcf7-f62-o1\" method=\"post\" class=\"wpcf7-form init\" aria-label=\"Yhteydenottolomake\" novalidate=\"novalidate\" data-status=\"init\">\n<fieldset class=\"hidden-fields-container\"><input type=\"hidden\" name=\"_wpcf7\" value=\"62\" \/><input type=\"hidden\" name=\"_wpcf7_version\" value=\"6.1.5\" \/><input type=\"hidden\" name=\"_wpcf7_locale\" value=\"fi\" \/><input type=\"hidden\" name=\"_wpcf7_unit_tag\" value=\"wpcf7-f62-o1\" \/><input type=\"hidden\" name=\"_wpcf7_container_post\" value=\"0\" \/><input type=\"hidden\" name=\"_wpcf7_posted_data_hash\" value=\"\" \/>\n<\/fieldset>\n<p><span class=\"wpcf7-form-control-wrap\" data-name=\"radio-359\"><span class=\"wpcf7-form-control wpcf7-radio\"><span class=\"wpcf7-list-item first\"><label><input type=\"radio\" name=\"radio-359\" value=\"psykologin et\u00e4vastaanotosta\" checked=\"checked\" \/><span class=\"wpcf7-list-item-label\">psykologin et\u00e4vastaanotosta<\/span><\/label><\/span><span class=\"wpcf7-list-item\"><label><input type=\"radio\" name=\"radio-359\" value=\"tyky-p\u00e4iv\u00e4st\u00e4\" \/><span class=\"wpcf7-list-item-label\">tyky-p\u00e4iv\u00e4st\u00e4<\/span><\/label><\/span><span class=\"wpcf7-list-item\"><label><input type=\"radio\" name=\"radio-359\" value=\"koulutuksesta tai luennosta\" \/><span class=\"wpcf7-list-item-label\">koulutuksesta tai luennosta<\/span><\/label><\/span><span class=\"wpcf7-list-item\"><label><input type=\"radio\" name=\"radio-359\" value=\"ty\u00f6nohjauksesta\" \/><span class=\"wpcf7-list-item-label\">ty\u00f6nohjauksesta<\/span><\/label><\/span><span class=\"wpcf7-list-item last\"><label><input type=\"radio\" name=\"radio-359\" value=\"kriisinpurusta ryhm\u00e4lle\" \/><span class=\"wpcf7-list-item-label\">kriisinpurusta ryhm\u00e4lle<\/span><\/label><\/span><\/span><\/span>\n<\/p>\n<p><label> Nimesi<br \/>\n<span class=\"wpcf7-form-control-wrap\" data-name=\"your-name\"><input size=\"40\" maxlength=\"400\" class=\"wpcf7-form-control wpcf7-text wpcf7-validates-as-required\" autocomplete=\"name\" aria-required=\"true\" aria-invalid=\"false\" value=\"\" type=\"text\" name=\"your-name\" \/><\/span> <\/label>\n<\/p>\n<p><label> S\u00e4hk\u00f6postiosoitteesi<br \/>\n<span class=\"wpcf7-form-control-wrap\" data-name=\"your-email\"><input size=\"40\" maxlength=\"400\" class=\"wpcf7-form-control wpcf7-email wpcf7-validates-as-required wpcf7-text wpcf7-validates-as-email\" autocomplete=\"email\" aria-required=\"true\" aria-invalid=\"false\" value=\"\" type=\"email\" name=\"your-email\" \/><\/span> <\/label>\n<\/p>\n<p><label> Aihe<br \/>\n<span class=\"wpcf7-form-control-wrap\" data-name=\"your-subject\"><input size=\"40\" maxlength=\"400\" class=\"wpcf7-form-control wpcf7-text wpcf7-validates-as-required\" aria-required=\"true\" aria-invalid=\"false\" value=\"\" type=\"text\" name=\"your-subject\" \/><\/span> <\/label>\n<\/p>\n<p><label> Viestisi (valinnainen)<br \/>\n<span class=\"wpcf7-form-control-wrap\" data-name=\"your-message\"><textarea cols=\"40\" rows=\"10\" maxlength=\"2000\" class=\"wpcf7-form-control wpcf7-textarea\" aria-invalid=\"false\" name=\"your-message\"><\/textarea><\/span> <\/label>\n<\/p>\n<p><input class=\"wpcf7-form-control wpcf7-submit has-spinner\" type=\"submit\" value=\"L\u00e4het\u00e4\" \/>\n<\/p><div class=\"wpcf7-response-output\" aria-hidden=\"true\"><\/div>\n<\/form>\n<\/div>\n\n\n\n\n<p><\/p>\n","protected":false},"excerpt":{"rendered":"","protected":false},"author":1,"featured_media":0,"parent":0,"menu_order":0,"comment_status":"closed","ping_status":"closed","template":"","meta":{"footnotes":""},"class_list":["post-63","page","type-page","status-publish","hentry"],"aioseo_notices":[],"yoast_head":"<!-- This site is optimized with the Yoast SEO plugin v27.4 - https:\/\/yoast.com\/product\/yoast-seo-wordpress\/ -->\n<title>Ota yhteytt\u00e4 - Psykologipalvelu Tuike Ekroos oy<\/title>\n<meta name=\"robots\" content=\"index, follow, max-snippet:-1, max-image-preview:large, max-video-preview:-1\" \/>\n<link rel=\"canonical\" href=\"https:\/\/ekroos.net\/?page_id=63\" \/>\n<meta property=\"og:locale\" content=\"fi_FI\" \/>\n<meta property=\"og:type\" content=\"article\" \/>\n<meta property=\"og:title\" content=\"Ota yhteytt\u00e4 - Psykologipalvelu Tuike Ekroos oy\" \/>\n<meta property=\"og:url\" content=\"https:\/\/ekroos.net\/?page_id=63\" \/>\n<meta property=\"og:site_name\" content=\"Psykologipalvelu Tuike Ekroos oy\" \/>\n<meta property=\"article:modified_time\" content=\"2024-09-28T07:34:50+00:00\" \/>\n<meta name=\"twitter:card\" content=\"summary_large_image\" \/>\n<meta name=\"twitter:label1\" content=\"Arvioitu lukuaika\" \/>\n\t<meta name=\"twitter:data1\" content=\"1 minuutti\" \/>\n<script type=\"application\/ld+json\" class=\"yoast-schema-graph\">{\"@context\":\"https:\\\/\\\/schema.org\",\"@graph\":[{\"@type\":\"WebPage\",\"@id\":\"https:\\\/\\\/ekroos.net\\\/?page_id=63\",\"url\":\"https:\\\/\\\/ekroos.net\\\/?page_id=63\",\"name\":\"Ota yhteytt\u00e4 - Psykologipalvelu Tuike Ekroos oy\",\"isPartOf\":{\"@id\":\"https:\\\/\\\/ekroos.net\\\/#website\"},\"datePublished\":\"2024-09-28T07:34:49+00:00\",\"dateModified\":\"2024-09-28T07:34:50+00:00\",\"breadcrumb\":{\"@id\":\"https:\\\/\\\/ekroos.net\\\/?page_id=63#breadcrumb\"},\"inLanguage\":\"fi\",\"potentialAction\":[{\"@type\":\"ReadAction\",\"target\":[\"https:\\\/\\\/ekroos.net\\\/?page_id=63\"]}]},{\"@type\":\"BreadcrumbList\",\"@id\":\"https:\\\/\\\/ekroos.net\\\/?page_id=63#breadcrumb\",\"itemListElement\":[{\"@type\":\"ListItem\",\"position\":1,\"name\":\"Etusivu\",\"item\":\"https:\\\/\\\/ekroos.net\\\/\"},{\"@type\":\"ListItem\",\"position\":2,\"name\":\"Ota yhteytt\u00e4\"}]},{\"@type\":\"WebSite\",\"@id\":\"https:\\\/\\\/ekroos.net\\\/#website\",\"url\":\"https:\\\/\\\/ekroos.net\\\/\",\"name\":\"Psykologipalvelu Tuike Ekroos oy\",\"description\":\"Psykologi Tampere\",\"potentialAction\":[{\"@type\":\"SearchAction\",\"target\":{\"@type\":\"EntryPoint\",\"urlTemplate\":\"https:\\\/\\\/ekroos.net\\\/?s={search_term_string}\"},\"query-input\":{\"@type\":\"PropertyValueSpecification\",\"valueRequired\":true,\"valueName\":\"search_term_string\"}}],\"inLanguage\":\"fi\"}]}<\/script>\n<!-- \/ Yoast SEO plugin. -->","yoast_head_json":{"title":"Ota yhteytt\u00e4 - Psykologipalvelu Tuike Ekroos oy","robots":{"index":"index","follow":"follow","max-snippet":"max-snippet:-1","max-image-preview":"max-image-preview:large","max-video-preview":"max-video-preview:-1"},"canonical":"https:\/\/ekroos.net\/?page_id=63","og_locale":"fi_FI","og_type":"article","og_title":"Ota yhteytt\u00e4 - Psykologipalvelu Tuike Ekroos oy","og_url":"https:\/\/ekroos.net\/?page_id=63","og_site_name":"Psykologipalvelu Tuike Ekroos oy","article_modified_time":"2024-09-28T07:34:50+00:00","twitter_card":"summary_large_image","twitter_misc":{"Arvioitu lukuaika":"1 minuutti"},"schema":{"@context":"https:\/\/schema.org","@graph":[{"@type":"WebPage","@id":"https:\/\/ekroos.net\/?page_id=63","url":"https:\/\/ekroos.net\/?page_id=63","name":"Ota yhteytt\u00e4 - Psykologipalvelu Tuike Ekroos oy","isPartOf":{"@id":"https:\/\/ekroos.net\/#website"},"datePublished":"2024-09-28T07:34:49+00:00","dateModified":"2024-09-28T07:34:50+00:00","breadcrumb":{"@id":"https:\/\/ekroos.net\/?page_id=63#breadcrumb"},"inLanguage":"fi","potentialAction":[{"@type":"ReadAction","target":["https:\/\/ekroos.net\/?page_id=63"]}]},{"@type":"BreadcrumbList","@id":"https:\/\/ekroos.net\/?page_id=63#breadcrumb","itemListElement":[{"@type":"ListItem","position":1,"name":"Etusivu","item":"https:\/\/ekroos.net\/"},{"@type":"ListItem","position":2,"name":"Ota yhteytt\u00e4"}]},{"@type":"WebSite","@id":"https:\/\/ekroos.net\/#website","url":"https:\/\/ekroos.net\/","name":"Psykologipalvelu Tuike Ekroos oy","description":"Psykologi Tampere","potentialAction":[{"@type":"SearchAction","target":{"@type":"EntryPoint","urlTemplate":"https:\/\/ekroos.net\/?s={search_term_string}"},"query-input":{"@type":"PropertyValueSpecification","valueRequired":true,"valueName":"search_term_string"}}],"inLanguage":"fi"}]}},"_links":{"self":[{"href":"https:\/\/ekroos.net\/index.php?rest_route=\/wp\/v2\/pages\/63","targetHints":{"allow":["GET"]}}],"collection":[{"href":"https:\/\/ekroos.net\/index.php?rest_route=\/wp\/v2\/pages"}],"about":[{"href":"https:\/\/ekroos.net\/index.php?rest_route=\/wp\/v2\/types\/page"}],"author":[{"embeddable":true,"href":"https:\/\/ekroos.net\/index.php?rest_route=\/wp\/v2\/users\/1"}],"replies":[{"embeddable":true,"href":"https:\/\/ekroos.net\/index.php?rest_route=%2Fwp%2Fv2%2Fcomments&post=63"}],"version-history":[{"count":1,"href":"https:\/\/ekroos.net\/index.php?rest_route=\/wp\/v2\/pages\/63\/revisions"}],"predecessor-version":[{"id":65,"href":"https:\/\/ekroos.net\/index.php?rest_route=\/wp\/v2\/pages\/63\/revisions\/65"}],"wp:attachment":[{"href":"https:\/\/ekroos.net\/index.php?rest_route=%2Fwp%2Fv2%2Fmedia&parent=63"}],"curies":[{"name":"wp","href":"https:\/\/api.w.org\/{rel}","templated":true}]}}