{"id":28,"date":"2024-09-27T15:03:25","date_gmt":"2024-09-27T15:03:25","guid":{"rendered":"https:\/\/ekroos.net\/?page_id=28"},"modified":"2024-09-27T15:41:56","modified_gmt":"2024-09-27T15:41:56","slug":"psykologipalvelut","status":"publish","type":"page","link":"https:\/\/ekroos.net\/","title":{"rendered":"Psykologipalvelut"},"content":{"rendered":"\n<p><\/p>\n\n\n\n<p>Olen tamperelainen psykologi Tuike Ekroos. Yritykseni Psykologipalvelu Tuike Ekroos Oy tarjoaa psykologipalveluita niin yksityishenkil\u00f6ille ja yrityksillekin.<\/p>\n\n\n\n<figure class=\"wp-block-table is-style-stripes\"><table class=\"has-fixed-layout\"><tbody><tr><td>YKSITYISASIAKKAILLE<\/td><td>YRITYKSILLE<\/td><\/tr><tr><td>Keskustelutukea ja apua el\u00e4m\u00e4n kriisitilanteisiin, erilaisiin mielen haasteisiin sek\u00e4 elintapamuutoksien tueksi&nbsp;&nbsp;<\/td><td>Ty\u00f6hyvinvointiluennot, koulutukset ja konsultointipalvelut &nbsp; <br>ryhm\u00e4muotoiset kriisinpurku- eli debriefing-palvelut &nbsp;<br> ty\u00f6ohjaukset (yksil\u00f6- ja ryhm\u00e4muotoisena)<\/td><\/tr><\/tbody><\/table><\/figure>\n\n\n\n<p>\u201dEnnen kuin aloin tehd\u00e4 1\u20135 k\u00e4yntikerran vastaanottoja, minussa oli pieni ep\u00e4ilys voiko muutaman k\u00e4yntikerran aikana saada aikaan mit\u00e4\u00e4n merkitt\u00e4v\u00e4\u00e4. Nyt olen n\u00e4hnyt, ett\u00e4 monessa tapauksessa n\u00e4in on.\u201d<\/p>\n\n\n\n<figure class=\"wp-block-image size-full is-resized\"><img loading=\"lazy\" decoding=\"async\" width=\"952\" height=\"960\" src=\"https:\/\/ekroos.net\/wp-content\/uploads\/2024\/09\/tuike-1.jpg\" alt=\"Psykologi Tuike Ekroos\" class=\"wp-image-43\" style=\"width:261px;height:auto\" srcset=\"https:\/\/ekroos.net\/wp-content\/uploads\/2024\/09\/tuike-1.jpg 952w, https:\/\/ekroos.net\/wp-content\/uploads\/2024\/09\/tuike-1-298x300.jpg 298w, https:\/\/ekroos.net\/wp-content\/uploads\/2024\/09\/tuike-1-150x150.jpg 150w, https:\/\/ekroos.net\/wp-content\/uploads\/2024\/09\/tuike-1-768x774.jpg 768w\" sizes=\"auto, (max-width: 952px) 100vw, 952px\" \/><\/figure>\n\n\n\n<p><\/p>\n","protected":false},"excerpt":{"rendered":"<p>Olen tamperelainen psykologi Tuike Ekroos. Yritykseni Psykologipalvelu Tuike Ekroos Oy tarjoaa psykologipalveluita niin yksityishenkil\u00f6ille ja yrityksillekin. YKSITYISASIAKKAILLE YRITYKSILLE Keskustelutukea ja apua el\u00e4m\u00e4n kriisitilanteisiin, erilaisiin mielen haasteisiin sek\u00e4 elintapamuutoksien tueksi&nbsp;&nbsp; Ty\u00f6hyvinvointiluennot, koulutukset ja konsultointipalvelut &nbsp; ryhm\u00e4muotoiset kriisinpurku- eli debriefing-palvelut &nbsp; ty\u00f6ohjaukset (yksil\u00f6- ja ryhm\u00e4muotoisena) \u201dEnnen kuin aloin tehd\u00e4 1\u20135 k\u00e4yntikerran vastaanottoja, minussa oli pieni ep\u00e4ilys voiko &hellip; <\/p>\n","protected":false},"author":1,"featured_media":0,"parent":0,"menu_order":0,"comment_status":"closed","ping_status":"closed","template":"","meta":{"footnotes":""},"class_list":["post-28","page","type-page","status-publish","hentry"],"aioseo_notices":[],"yoast_head":"<!-- This site is optimized with the Yoast SEO plugin v27.4 - https:\/\/yoast.com\/product\/yoast-seo-wordpress\/ -->\n<title>Psykologipalvelut - Psykologipalvelu Tuike Ekroos oy<\/title>\n<meta name=\"robots\" content=\"index, follow, max-snippet:-1, max-image-preview:large, max-video-preview:-1\" \/>\n<link rel=\"canonical\" href=\"https:\/\/ekroos.net\/\" \/>\n<meta property=\"og:locale\" content=\"fi_FI\" \/>\n<meta property=\"og:type\" content=\"article\" \/>\n<meta property=\"og:title\" content=\"Psykologipalvelut - Psykologipalvelu Tuike Ekroos oy\" \/>\n<meta property=\"og:description\" content=\"Olen tamperelainen psykologi Tuike Ekroos. Yritykseni Psykologipalvelu Tuike Ekroos Oy tarjoaa psykologipalveluita niin yksityishenkil\u00f6ille ja yrityksillekin. YKSITYISASIAKKAILLE YRITYKSILLE Keskustelutukea ja apua el\u00e4m\u00e4n kriisitilanteisiin, erilaisiin mielen haasteisiin sek\u00e4 elintapamuutoksien tueksi&nbsp;&nbsp; Ty\u00f6hyvinvointiluennot, koulutukset ja konsultointipalvelut &nbsp; ryhm\u00e4muotoiset kriisinpurku- eli debriefing-palvelut &nbsp; ty\u00f6ohjaukset (yksil\u00f6- ja ryhm\u00e4muotoisena) \u201dEnnen kuin aloin tehd\u00e4 1\u20135 k\u00e4yntikerran vastaanottoja, minussa oli pieni ep\u00e4ilys voiko &hellip;\" \/>\n<meta property=\"og:url\" content=\"https:\/\/ekroos.net\/\" \/>\n<meta property=\"og:site_name\" content=\"Psykologipalvelu Tuike Ekroos oy\" \/>\n<meta property=\"article:modified_time\" content=\"2024-09-27T15:41:56+00:00\" \/>\n<meta property=\"og:image\" content=\"https:\/\/ekroos.net\/wp-content\/uploads\/2024\/09\/tuike-1.jpg\" \/>\n<meta name=\"twitter:card\" content=\"summary_large_image\" \/>\n<meta name=\"twitter:label1\" content=\"Arvioitu lukuaika\" \/>\n\t<meta name=\"twitter:data1\" content=\"1 minuutti\" \/>\n<script type=\"application\/ld+json\" class=\"yoast-schema-graph\">{\"@context\":\"https:\\\/\\\/schema.org\",\"@graph\":[{\"@type\":\"WebPage\",\"@id\":\"https:\\\/\\\/ekroos.net\\\/\",\"url\":\"https:\\\/\\\/ekroos.net\\\/\",\"name\":\"Psykologipalvelut - Psykologipalvelu Tuike Ekroos oy\",\"isPartOf\":{\"@id\":\"https:\\\/\\\/ekroos.net\\\/#website\"},\"primaryImageOfPage\":{\"@id\":\"https:\\\/\\\/ekroos.net\\\/#primaryimage\"},\"image\":{\"@id\":\"https:\\\/\\\/ekroos.net\\\/#primaryimage\"},\"thumbnailUrl\":\"https:\\\/\\\/ekroos.net\\\/wp-content\\\/uploads\\\/2024\\\/09\\\/tuike-1.jpg\",\"datePublished\":\"2024-09-27T15:03:25+00:00\",\"dateModified\":\"2024-09-27T15:41:56+00:00\",\"breadcrumb\":{\"@id\":\"https:\\\/\\\/ekroos.net\\\/#breadcrumb\"},\"inLanguage\":\"fi\",\"potentialAction\":[{\"@type\":\"ReadAction\",\"target\":[\"https:\\\/\\\/ekroos.net\\\/\"]}]},{\"@type\":\"ImageObject\",\"inLanguage\":\"fi\",\"@id\":\"https:\\\/\\\/ekroos.net\\\/#primaryimage\",\"url\":\"https:\\\/\\\/ekroos.net\\\/wp-content\\\/uploads\\\/2024\\\/09\\\/tuike-1.jpg\",\"contentUrl\":\"https:\\\/\\\/ekroos.net\\\/wp-content\\\/uploads\\\/2024\\\/09\\\/tuike-1.jpg\",\"width\":952,\"height\":960,\"caption\":\"Psykologi Tuike Ekroos\"},{\"@type\":\"BreadcrumbList\",\"@id\":\"https:\\\/\\\/ekroos.net\\\/#breadcrumb\",\"itemListElement\":[{\"@type\":\"ListItem\",\"position\":1,\"name\":\"Etusivu\",\"item\":\"https:\\\/\\\/ekroos.net\\\/\"},{\"@type\":\"ListItem\",\"position\":2,\"name\":\"Psykologipalvelut\"}]},{\"@type\":\"WebSite\",\"@id\":\"https:\\\/\\\/ekroos.net\\\/#website\",\"url\":\"https:\\\/\\\/ekroos.net\\\/\",\"name\":\"Psykologipalvelu Tuike Ekroos oy\",\"description\":\"Psykologi Tampere\",\"potentialAction\":[{\"@type\":\"SearchAction\",\"target\":{\"@type\":\"EntryPoint\",\"urlTemplate\":\"https:\\\/\\\/ekroos.net\\\/?s={search_term_string}\"},\"query-input\":{\"@type\":\"PropertyValueSpecification\",\"valueRequired\":true,\"valueName\":\"search_term_string\"}}],\"inLanguage\":\"fi\"}]}<\/script>\n<!-- \/ Yoast SEO plugin. -->","yoast_head_json":{"title":"Psykologipalvelut - Psykologipalvelu Tuike Ekroos oy","robots":{"index":"index","follow":"follow","max-snippet":"max-snippet:-1","max-image-preview":"max-image-preview:large","max-video-preview":"max-video-preview:-1"},"canonical":"https:\/\/ekroos.net\/","og_locale":"fi_FI","og_type":"article","og_title":"Psykologipalvelut - Psykologipalvelu Tuike Ekroos oy","og_description":"Olen tamperelainen psykologi Tuike Ekroos. Yritykseni Psykologipalvelu Tuike Ekroos Oy tarjoaa psykologipalveluita niin yksityishenkil\u00f6ille ja yrityksillekin. YKSITYISASIAKKAILLE YRITYKSILLE Keskustelutukea ja apua el\u00e4m\u00e4n kriisitilanteisiin, erilaisiin mielen haasteisiin sek\u00e4 elintapamuutoksien tueksi&nbsp;&nbsp; Ty\u00f6hyvinvointiluennot, koulutukset ja konsultointipalvelut &nbsp; ryhm\u00e4muotoiset kriisinpurku- eli debriefing-palvelut &nbsp; ty\u00f6ohjaukset (yksil\u00f6- ja ryhm\u00e4muotoisena) \u201dEnnen kuin aloin tehd\u00e4 1\u20135 k\u00e4yntikerran vastaanottoja, minussa oli pieni ep\u00e4ilys voiko &hellip;","og_url":"https:\/\/ekroos.net\/","og_site_name":"Psykologipalvelu Tuike Ekroos oy","article_modified_time":"2024-09-27T15:41:56+00:00","og_image":[{"url":"https:\/\/ekroos.net\/wp-content\/uploads\/2024\/09\/tuike-1.jpg","type":"","width":"","height":""}],"twitter_card":"summary_large_image","twitter_misc":{"Arvioitu lukuaika":"1 minuutti"},"schema":{"@context":"https:\/\/schema.org","@graph":[{"@type":"WebPage","@id":"https:\/\/ekroos.net\/","url":"https:\/\/ekroos.net\/","name":"Psykologipalvelut - Psykologipalvelu Tuike Ekroos oy","isPartOf":{"@id":"https:\/\/ekroos.net\/#website"},"primaryImageOfPage":{"@id":"https:\/\/ekroos.net\/#primaryimage"},"image":{"@id":"https:\/\/ekroos.net\/#primaryimage"},"thumbnailUrl":"https:\/\/ekroos.net\/wp-content\/uploads\/2024\/09\/tuike-1.jpg","datePublished":"2024-09-27T15:03:25+00:00","dateModified":"2024-09-27T15:41:56+00:00","breadcrumb":{"@id":"https:\/\/ekroos.net\/#breadcrumb"},"inLanguage":"fi","potentialAction":[{"@type":"ReadAction","target":["https:\/\/ekroos.net\/"]}]},{"@type":"ImageObject","inLanguage":"fi","@id":"https:\/\/ekroos.net\/#primaryimage","url":"https:\/\/ekroos.net\/wp-content\/uploads\/2024\/09\/tuike-1.jpg","contentUrl":"https:\/\/ekroos.net\/wp-content\/uploads\/2024\/09\/tuike-1.jpg","width":952,"height":960,"caption":"Psykologi Tuike Ekroos"},{"@type":"BreadcrumbList","@id":"https:\/\/ekroos.net\/#breadcrumb","itemListElement":[{"@type":"ListItem","position":1,"name":"Etusivu","item":"https:\/\/ekroos.net\/"},{"@type":"ListItem","position":2,"name":"Psykologipalvelut"}]},{"@type":"WebSite","@id":"https:\/\/ekroos.net\/#website","url":"https:\/\/ekroos.net\/","name":"Psykologipalvelu Tuike Ekroos oy","description":"Psykologi Tampere","potentialAction":[{"@type":"SearchAction","target":{"@type":"EntryPoint","urlTemplate":"https:\/\/ekroos.net\/?s={search_term_string}"},"query-input":{"@type":"PropertyValueSpecification","valueRequired":true,"valueName":"search_term_string"}}],"inLanguage":"fi"}]}},"_links":{"self":[{"href":"https:\/\/ekroos.net\/index.php?rest_route=\/wp\/v2\/pages\/28","targetHints":{"allow":["GET"]}}],"collection":[{"href":"https:\/\/ekroos.net\/index.php?rest_route=\/wp\/v2\/pages"}],"about":[{"href":"https:\/\/ekroos.net\/index.php?rest_route=\/wp\/v2\/types\/page"}],"author":[{"embeddable":true,"href":"https:\/\/ekroos.net\/index.php?rest_route=\/wp\/v2\/users\/1"}],"replies":[{"embeddable":true,"href":"https:\/\/ekroos.net\/index.php?rest_route=%2Fwp%2Fv2%2Fcomments&post=28"}],"version-history":[{"count":4,"href":"https:\/\/ekroos.net\/index.php?rest_route=\/wp\/v2\/pages\/28\/revisions"}],"predecessor-version":[{"id":45,"href":"https:\/\/ekroos.net\/index.php?rest_route=\/wp\/v2\/pages\/28\/revisions\/45"}],"wp:attachment":[{"href":"https:\/\/ekroos.net\/index.php?rest_route=%2Fwp%2Fv2%2Fmedia&parent=28"}],"curies":[{"name":"wp","href":"https:\/\/api.w.org\/{rel}","templated":true}]}}